{"id":1165,"date":"2024-10-21T17:23:49","date_gmt":"2024-10-21T17:23:49","guid":{"rendered":"https:\/\/ketterer.cl\/?post_type=product&#038;p=1165"},"modified":"2025-10-15T03:57:27","modified_gmt":"2025-10-15T03:57:27","slug":"terrible-niquel-t01","status":"publish","type":"product","link":"https:\/\/ketterer.cl\/index.php\/producto\/terrible-niquel-t01\/","title":{"rendered":"Terrible &#8211; Punto Amarillo Rojo (T01)"},"content":{"rendered":"<p data-start=\"123\" data-end=\"180\">\ud83c\udfa3 <strong data-start=\"126\" data-end=\"178\">Descubre el se\u00f1uelo Terrible Punto Amarillo Rojo<\/strong><\/p>\n<p data-start=\"182\" data-end=\"389\">Fabricado en metales de alta calidad como bronce, n\u00edquel o cobre, este se\u00f1uelo destaca por su durabilidad, resistencia y acabado brillante que atrae la atenci\u00f3n de los peces en cualquier condici\u00f3n de agua.<\/p>\n<p data-start=\"391\" data-end=\"427\">\u2728 <strong data-start=\"393\" data-end=\"425\">Caracter\u00edsticas principales:<\/strong><\/p>\n<ul data-start=\"428\" data-end=\"847\">\n<li data-start=\"428\" data-end=\"524\">\n<p data-start=\"430\" data-end=\"524\">Dise\u00f1o con dos paletas y tres anzuelos triples, para una acci\u00f3n de pesca potente y efectiva.<\/p>\n<\/li>\n<li data-start=\"525\" data-end=\"632\">\n<p data-start=\"527\" data-end=\"632\">Color con punto <strong data-start=\"543\" data-end=\"562\">amarillo y rojo<\/strong>, pintado a mano, que genera un contraste irresistible bajo el agua.<\/p>\n<\/li>\n<li data-start=\"633\" data-end=\"750\">\n<p data-start=\"635\" data-end=\"750\">Disponible en diferentes medidas, adapt\u00e1ndose a r\u00edos profundos, corrientes r\u00e1pidas o cursos de agua m\u00e1s peque\u00f1os.<\/p>\n<\/li>\n<li data-start=\"751\" data-end=\"847\">\n<p data-start=\"753\" data-end=\"847\">Acabado niquelado que puedes pulir tras cada uso, manteniendo tu se\u00f1uelo siempre como nuevo.<\/p>\n<\/li>\n<\/ul>\n<p data-start=\"849\" data-end=\"1038\">Cada <strong data-start=\"854\" data-end=\"886\">Terrible Punto Amarillo Rojo<\/strong> es pintado a mano, lo que lo convierte en una pieza \u00fanica y artesanal, ideal para pescadores que buscan un plus de efectividad y estilo en su equipo.<\/p>\n<p data-start=\"1040\" data-end=\"1168\">Ya seas un principiante o un pescador experimentado, el <strong data-start=\"1096\" data-end=\"1128\">Terrible Punto Amarillo Rojo<\/strong> ser\u00e1 tu mejor aliado en cada jornada.<\/p>\n<hr \/>\n<p data-start=\"1040\" data-end=\"1168\"><strong>Peso seg\u00fan Medida<\/strong><br \/>\n3 cm\u00a0 \u00a0 (5.4 gr)<br \/>\n4 cm\u00a0 \u00a0 (9.5gr)<br \/>\n5,5 cm\u00a0 (11 gr)<br \/>\n8.5 cm\u00a0 (22 gr)<\/p>\n<hr \/>\n<p data-start=\"1040\" data-end=\"1168\">\u26a1 <strong data-start=\"1172\" data-end=\"1184\">Incluye:<\/strong> Anzuelos triples, para una acci\u00f3n de pesca potente y efectiva.<br data-start=\"1247\" data-end=\"1250\" \/>\u26a1 <strong data-start=\"1252\" data-end=\"1270\">Disponible en:<\/strong> bronce, n\u00edquel o cobre. \u00a1Selecciona el tuyo!<\/p>\n","protected":false},"excerpt":{"rendered":"<p><strong><span style=\"color: #008000;\">Envios a todo Chile<\/span> \ud83c\udde8\ud83c\uddf1<br \/>\n<\/strong><\/p>\n","protected":false},"featured_media":1911,"comment_status":"open","ping_status":"closed","template":"","meta":{"site-sidebar-layout":"default","site-content-layout":"","ast-site-content-layout":"default","site-content-style":"default","site-sidebar-style":"default","ast-global-header-display":"","ast-banner-title-visibility":"disabled","ast-main-header-display":"","ast-hfb-above-header-display":"","ast-hfb-below-header-display":"","ast-hfb-mobile-header-display":"","site-post-title":"","ast-breadcrumbs-content":"","ast-featured-img":"","footer-sml-layout":"","ast-disable-related-posts":"","theme-transparent-header-meta":"default","adv-header-id-meta":"","stick-header-meta":"","header-above-stick-meta":"","header-main-stick-meta":"","header-below-stick-meta":"","astra-migrate-meta-layouts":"set","ast-page-background-enabled":"default","ast-page-background-meta":{"desktop":{"background-color":"var(--ast-global-color-4)","background-image":"","background-repeat":"repeat","background-position":"center center","background-size":"auto","background-attachment":"scroll","background-type":"","background-media":"","overlay-type":"","overlay-color":"","overlay-opacity":"","overlay-gradient":""},"tablet":{"background-color":"","background-image":"","background-repeat":"repeat","background-position":"center center","background-size":"auto","background-attachment":"scroll","background-type":"","background-media":"","overlay-type":"","overlay-color":"","overlay-opacity":"","overlay-gradient":""},"mobile":{"background-color":"","background-image":"","background-repeat":"repeat","background-position":"center center","background-size":"auto","background-attachment":"scroll","background-type":"","background-media":"","overlay-type":"","overlay-color":"","overlay-opacity":"","overlay-gradient":""}},"ast-content-background-meta":{"desktop":{"background-color":"var(--ast-global-color-5)","background-image":"","background-repeat":"repeat","background-position":"center center","background-size":"auto","background-attachment":"scroll","background-type":"","background-media":"","overlay-type":"","overlay-color":"","overlay-opacity":"","overlay-gradient":""},"tablet":{"background-color":"var(--ast-global-color-5)","background-image":"","background-repeat":"repeat","background-position":"center center","background-size":"auto","background-attachment":"scroll","background-type":"","background-media":"","overlay-type":"","overlay-color":"","overlay-opacity":"","overlay-gradient":""},"mobile":{"background-color":"var(--ast-global-color-5)","background-image":"","background-repeat":"repeat","background-position":"center center","background-size":"auto","background-attachment":"scroll","background-type":"","background-media":"","overlay-type":"","overlay-color":"","overlay-opacity":"","overlay-gradient":""}},"_joinchat":[]},"product_brand":[],"product_cat":[37],"product_tag":[],"class_list":{"0":"post-1165","1":"product","2":"type-product","3":"status-publish","4":"has-post-thumbnail","6":"product_cat-terrible","7":"desktop-align-center","8":"tablet-align-left","9":"mobile-align-left","11":"first","12":"instock","13":"shipping-taxable","14":"purchasable","15":"product-type-variable"},"jetpack_sharing_enabled":true,"_links":{"self":[{"href":"https:\/\/ketterer.cl\/index.php\/wp-json\/wp\/v2\/product\/1165","targetHints":{"allow":["GET"]}}],"collection":[{"href":"https:\/\/ketterer.cl\/index.php\/wp-json\/wp\/v2\/product"}],"about":[{"href":"https:\/\/ketterer.cl\/index.php\/wp-json\/wp\/v2\/types\/product"}],"replies":[{"embeddable":true,"href":"https:\/\/ketterer.cl\/index.php\/wp-json\/wp\/v2\/comments?post=1165"}],"version-history":[{"count":17,"href":"https:\/\/ketterer.cl\/index.php\/wp-json\/wp\/v2\/product\/1165\/revisions"}],"predecessor-version":[{"id":1909,"href":"https:\/\/ketterer.cl\/index.php\/wp-json\/wp\/v2\/product\/1165\/revisions\/1909"}],"wp:featuredmedia":[{"embeddable":true,"href":"https:\/\/ketterer.cl\/index.php\/wp-json\/wp\/v2\/media\/1911"}],"wp:attachment":[{"href":"https:\/\/ketterer.cl\/index.php\/wp-json\/wp\/v2\/media?parent=1165"}],"wp:term":[{"taxonomy":"product_brand","embeddable":true,"href":"https:\/\/ketterer.cl\/index.php\/wp-json\/wp\/v2\/product_brand?post=1165"},{"taxonomy":"product_cat","embeddable":true,"href":"https:\/\/ketterer.cl\/index.php\/wp-json\/wp\/v2\/product_cat?post=1165"},{"taxonomy":"product_tag","embeddable":true,"href":"https:\/\/ketterer.cl\/index.php\/wp-json\/wp\/v2\/product_tag?post=1165"}],"curies":[{"name":"wp","href":"https:\/\/api.w.org\/{rel}","templated":true}]}}