{"id":1764,"date":"2025-09-29T03:02:37","date_gmt":"2025-09-29T03:02:37","guid":{"rendered":"https:\/\/ketterer.cl\/?post_type=product&#038;p=1764"},"modified":"2025-09-29T03:03:19","modified_gmt":"2025-09-29T03:03:19","slug":"senuelo-caiman-viuda-punto-rojo-c37","status":"publish","type":"product","link":"https:\/\/ketterer.cl\/index.php\/producto\/senuelo-caiman-viuda-punto-rojo-c37\/","title":{"rendered":"Se\u00f1uelo Caim\u00e1n &#8211; Viuda Punto Rojo (C37)"},"content":{"rendered":"<p data-start=\"67\" data-end=\"147\">\ud83c\udfa3 \u00a1Despierta el instinto de los depredadores con el se\u00f1uelo Viuda Punto Rojo!<\/p>\n<p data-start=\"149\" data-end=\"338\">Dise\u00f1ado para truchas y salmones en r\u00edos y lagos, la Viuda Punto Rojo combina un rolido lateral agresivo con un movimiento irresistible, atrayendo a los peces incluso en aguas tranquilas.<\/p>\n<p data-start=\"340\" data-end=\"376\">\u2728 <strong data-start=\"342\" data-end=\"374\">Caracter\u00edsticas principales:<\/strong><\/p>\n<ul data-start=\"377\" data-end=\"605\">\n<li data-start=\"377\" data-end=\"447\">\n<p data-start=\"379\" data-end=\"447\">Color oscuro con un punto rojo llamativo que resalta bajo el agua.<\/p>\n<\/li>\n<li data-start=\"448\" data-end=\"509\">\n<p data-start=\"450\" data-end=\"509\">Acabados pintados a mano, cada pieza con detalles \u00fanicos.<\/p>\n<\/li>\n<li data-start=\"510\" data-end=\"558\">\n<p data-start=\"512\" data-end=\"558\">Construcci\u00f3n robusta para un uso prolongado.<\/p>\n<\/li>\n<li data-start=\"559\" data-end=\"605\">\n<p data-start=\"561\" data-end=\"605\">Eficaz tanto en aguas dulces como saladas.<\/p>\n<\/li>\n<\/ul>\n<p data-start=\"607\" data-end=\"675\">Incluye anzuelos triples de alta calidad para asegurar cada pique.<\/p>\n<p data-start=\"677\" data-end=\"826\">La <strong data-start=\"680\" data-end=\"700\">Viuda Punto Rojo<\/strong> es un se\u00f1uelo visualmente impactante y altamente efectivo. \u00a1Un imprescindible en tu caja de pesca para lograr m\u00e1s capturas!<\/p>\n","protected":false},"excerpt":{"rendered":"<p>\ud83c\udfa3 \u00a1Despierta el instinto de los depredadores con el se\u00f1uelo Viuda Punto Rojo! Dise\u00f1ado para truchas y salmones en r\u00edos [&hellip;]<\/p>\n","protected":false},"featured_media":1659,"comment_status":"open","ping_status":"closed","template":"","meta":{"site-sidebar-layout":"default","site-content-layout":"","ast-site-content-layout":"default","site-content-style":"default","site-sidebar-style":"default","ast-global-header-display":"","ast-banner-title-visibility":"disabled","ast-main-header-display":"","ast-hfb-above-header-display":"","ast-hfb-below-header-display":"","ast-hfb-mobile-header-display":"","site-post-title":"","ast-breadcrumbs-content":"","ast-featured-img":"","footer-sml-layout":"","ast-disable-related-posts":"","theme-transparent-header-meta":"default","adv-header-id-meta":"","stick-header-meta":"","header-above-stick-meta":"","header-main-stick-meta":"","header-below-stick-meta":"","astra-migrate-meta-layouts":"set","ast-page-background-enabled":"default","ast-page-background-meta":{"desktop":{"background-color":"var(--ast-global-color-4)","background-image":"","background-repeat":"repeat","background-position":"center center","background-size":"auto","background-attachment":"scroll","background-type":"","background-media":"","overlay-type":"","overlay-color":"","overlay-opacity":"","overlay-gradient":""},"tablet":{"background-color":"","background-image":"","background-repeat":"repeat","background-position":"center center","background-size":"auto","background-attachment":"scroll","background-type":"","background-media":"","overlay-type":"","overlay-color":"","overlay-opacity":"","overlay-gradient":""},"mobile":{"background-color":"","background-image":"","background-repeat":"repeat","background-position":"center center","background-size":"auto","background-attachment":"scroll","background-type":"","background-media":"","overlay-type":"","overlay-color":"","overlay-opacity":"","overlay-gradient":""}},"ast-content-background-meta":{"desktop":{"background-color":"var(--ast-global-color-5)","background-image":"","background-repeat":"repeat","background-position":"center center","background-size":"auto","background-attachment":"scroll","background-type":"","background-media":"","overlay-type":"","overlay-color":"","overlay-opacity":"","overlay-gradient":""},"tablet":{"background-color":"var(--ast-global-color-5)","background-image":"","background-repeat":"repeat","background-position":"center center","background-size":"auto","background-attachment":"scroll","background-type":"","background-media":"","overlay-type":"","overlay-color":"","overlay-opacity":"","overlay-gradient":""},"mobile":{"background-color":"var(--ast-global-color-5)","background-image":"","background-repeat":"repeat","background-position":"center center","background-size":"auto","background-attachment":"scroll","background-type":"","background-media":"","overlay-type":"","overlay-color":"","overlay-opacity":"","overlay-gradient":""}},"_joinchat":{"view":"yes"}},"product_brand":[],"product_cat":[19],"product_tag":[],"class_list":{"0":"post-1764","1":"product","2":"type-product","3":"status-publish","4":"has-post-thumbnail","6":"product_cat-senuelo-caiman","7":"pa_tamano-chico","8":"pa_tamano-mediano","9":"pa_tamano-grande","10":"desktop-align-center","11":"tablet-align-left","12":"mobile-align-left","14":"first","15":"instock","16":"shipping-taxable","17":"purchasable","18":"product-type-variable"},"jetpack_sharing_enabled":true,"_links":{"self":[{"href":"https:\/\/ketterer.cl\/index.php\/wp-json\/wp\/v2\/product\/1764","targetHints":{"allow":["GET"]}}],"collection":[{"href":"https:\/\/ketterer.cl\/index.php\/wp-json\/wp\/v2\/product"}],"about":[{"href":"https:\/\/ketterer.cl\/index.php\/wp-json\/wp\/v2\/types\/product"}],"replies":[{"embeddable":true,"href":"https:\/\/ketterer.cl\/index.php\/wp-json\/wp\/v2\/comments?post=1764"}],"version-history":[{"count":1,"href":"https:\/\/ketterer.cl\/index.php\/wp-json\/wp\/v2\/product\/1764\/revisions"}],"predecessor-version":[{"id":1768,"href":"https:\/\/ketterer.cl\/index.php\/wp-json\/wp\/v2\/product\/1764\/revisions\/1768"}],"wp:featuredmedia":[{"embeddable":true,"href":"https:\/\/ketterer.cl\/index.php\/wp-json\/wp\/v2\/media\/1659"}],"wp:attachment":[{"href":"https:\/\/ketterer.cl\/index.php\/wp-json\/wp\/v2\/media?parent=1764"}],"wp:term":[{"taxonomy":"product_brand","embeddable":true,"href":"https:\/\/ketterer.cl\/index.php\/wp-json\/wp\/v2\/product_brand?post=1764"},{"taxonomy":"product_cat","embeddable":true,"href":"https:\/\/ketterer.cl\/index.php\/wp-json\/wp\/v2\/product_cat?post=1764"},{"taxonomy":"product_tag","embeddable":true,"href":"https:\/\/ketterer.cl\/index.php\/wp-json\/wp\/v2\/product_tag?post=1764"}],"curies":[{"name":"wp","href":"https:\/\/api.w.org\/{rel}","templated":true}]}}